{"id":3,"date":"2019-10-26T10:27:24","date_gmt":"2019-10-26T10:27:24","guid":{"rendered":"https:\/\/created5.com\/metropolitan\/?page_id=3"},"modified":"2020-09-15T20:27:02","modified_gmt":"2020-09-16T03:27:02","slug":"privacy-policy","status":"publish","type":"page","link":"https:\/\/metropolitan.com.br\/br\/privacy-policy\/","title":{"rendered":"Pol\u00edticas"},"content":{"rendered":"<div class=\"fusion-fullwidth fullwidth-box fusion-builder-row-1 nonhundred-percent-fullwidth non-hundred-percent-height-scrolling\" style=\"--awb-border-radius-top-left:0px;--awb-border-radius-top-right:0px;--awb-border-radius-bottom-right:0px;--awb-border-radius-bottom-left:0px;--awb-flex-wrap:wrap;\" ><div class=\"fusion-builder-row fusion-row\"><div class=\"fusion-layout-column fusion_builder_column fusion-builder-column-0 fusion_builder_column_1_1 1_1 fusion-one-full fusion-column-first fusion-column-last\" style=\"--awb-bg-size:cover;\"><div class=\"fusion-column-wrapper fusion-column-has-shadow fusion-flex-column-wrapper-legacy\"><div class=\"fusion-tabs fusion-tabs-1 clean vertical-tabs icon-position-left mobile-mode-accordion\" style=\"--awb-title-border-radius-top-left:0px;--awb-title-border-radius-top-right:0px;--awb-title-border-radius-bottom-right:0px;--awb-title-border-radius-bottom-left:0px;--awb-inactive-color:#f1f2f2;--awb-background-color:#ffffff;--awb-border-color:#e5e5e5;--awb-active-border-color:#f38352;\"><div class=\"nav\"><ul class=\"nav-tabs\" role=\"tablist\"><li class=\"active\" role=\"presentation\"><a class=\"tab-link\" data-toggle=\"tab\" role=\"tab\" aria-controls=\"tab-e33cadce1986b4a8e43\" aria-selected=\"true\" id=\"fusion-tab-anti-corruptionandanti-briberypolicy\" href=\"#tab-e33cadce1986b4a8e43\"><h4 class=\"fusion-tab-heading\">POL\u00cdTICA ANTICORRUP\u00c7\u00c3O E ANTI-SUBORNO<\/h4><\/a><\/li><li role=\"presentation\"><a class=\"tab-link\" data-toggle=\"tab\" role=\"tab\" aria-controls=\"tab-7cf6590bcd2c64ac867\" aria-selected=\"false\" tabindex=\"-1\" id=\"fusion-tab-environmentalpolicy\" href=\"#tab-7cf6590bcd2c64ac867\"><h4 class=\"fusion-tab-heading\">POLITICA AMBIENTAL<\/h4><\/a><\/li><li role=\"presentation\"><a class=\"tab-link\" data-toggle=\"tab\" role=\"tab\" aria-controls=\"tab-5a39c67278837b077a1\" aria-selected=\"false\" tabindex=\"-1\" id=\"fusion-tab-dataprotection&amp;privacypolicy\" href=\"#tab-5a39c67278837b077a1\"><h4 class=\"fusion-tab-heading\">POL\u00cdTICA DE PROTE\u00c7\u00c3O DE DADOS E PRIVACIDADE<\/h4><\/a><\/li><\/ul><\/div><div class=\"tab-content\"><div class=\"nav fusion-mobile-tab-nav\"><ul class=\"nav-tabs\" role=\"tablist\"><li class=\"active\" role=\"presentation\"><a class=\"tab-link\" data-toggle=\"tab\" role=\"tab\" aria-controls=\"tab-e33cadce1986b4a8e43\" aria-selected=\"true\" id=\"mobile-fusion-tab-anti-corruptionandanti-briberypolicy\" href=\"#tab-e33cadce1986b4a8e43\"><h4 class=\"fusion-tab-heading\">POL\u00cdTICA ANTICORRUP\u00c7\u00c3O E ANTI-SUBORNO<\/h4><\/a><\/li><\/ul><\/div><div class=\"tab-pane fade fusion-clearfix in active\" role=\"tabpanel\" tabindex=\"0\" aria-labelledby=\"fusion-tab-anti-corruptionandanti-briberypolicy\" id=\"tab-e33cadce1986b4a8e43\">\n<p>Em cumprimento \u00e0 Lei Brasileira Anticorrup\u00e7\u00e3o n\u00ba. 12.846, sancionada pela Presid\u00eancia da Rep\u00fablica do Brasil em 1\u00ba de agosto de 2013, bem como a Carta FIDI ABC, Metropolitan Transports SA, localizada em S\u00e3o Paulo Brasil, tem como compromisso o combate \u00e0 Corrup\u00e7\u00e3o e Antissuborno.<\/p>\n<p>Para atingir nossos objetivos, esta pol\u00edtica e procedimentos se estendem a todos os nossos funcion\u00e1rios, clientes, contas corporativas, agentes mundiais e fornecedores de servi\u00e7os terceirizados, que devem cumpri-los rigorosamente. Assim, devemos:<\/p>\n<ol>\n<li>Nunca se envolva em qualquer forma de suborno, seja diretamente ou por meio de terceiros.<\/li>\n<li>Abster-se de oferecer ou aceitar suborno, propina, permuta e \/ ou qualquer outro tipo de incentivo para obter ou reter neg\u00f3cios.<\/li>\n<li>Evite aceitar presentes ou qualquer coisa de valor de fornecedores atuais ou futuros da empresa.<\/li>\n<li>Nunca ofere\u00e7a ou fa\u00e7a um pagamento impr\u00f3prio, ou autorize um pagamento impr\u00f3prio (em dinheiro ou de outra forma) a qualquer indiv\u00edduo, incluindo qualquer autoridade local ou estrangeira em qualquer lugar do mundo.<\/li>\n<li>Nunca tente induzir um indiv\u00edduo ou autoridade local ou estrangeira a agir de forma ilegal ou inadequada.<\/li>\n<li>Nunca ofere\u00e7a ou aceite dinheiro ou qualquer coisa de valor, como presentes, propinas ou comiss\u00f5es, em conex\u00e3o com a aquisi\u00e7\u00e3o de neg\u00f3cios ou a celebra\u00e7\u00e3o de um contrato.<\/li>\n<li>Nunca ofere\u00e7a ou d\u00ea qualquer presente ou s\u00edmbolo de hospitalidade a qualquer funcion\u00e1rio p\u00fablico ou oficial ou representante do governo se houver qualquer expectativa ou implica\u00e7\u00e3o de uma retribui\u00e7\u00e3o de favor.<\/li>\n<li>Nunca aceite qualquer presente de qualquer parceiro de neg\u00f3cios se houver qualquer sugest\u00e3o de que uma retribui\u00e7\u00e3o do favor seja esperada ou impl\u00edcita.<\/li>\n<li>Nunca facilite os pagamentos para obter um n\u00edvel de servi\u00e7o ao qual normalmente n\u00e3o se teria direito.<\/li>\n<li>Abster-se de fornecer informa\u00e7\u00f5es ou dados err\u00f4neos ou insuficientes, bem como ocultar informa\u00e7\u00f5es importantes para beneficiar voc\u00ea ou sua empresa em qualquer neg\u00f3cio comercial.<\/li>\n<li>Nunca ignore ou deixe de relatar qualquer indica\u00e7\u00e3o de pagamentos indevidos \u00e0s autoridades competentes.<\/li>\n<li>Nunca induza ou ajude outro indiv\u00edduo a violar qualquer lei ou regulamento aplic\u00e1vel.<\/li>\n<li>Certifique-se de que toda a cadeia relacionada em nosso servi\u00e7o esteja ciente e em conformidade com esta pol\u00edcia e relate qualquer pr\u00e1tica de corrup\u00e7\u00e3o suspeita<\/li>\n<li>Procure aconselhamento jur\u00eddico adequado sempre que houver um conflito de qualquer regra declarada nesta pol\u00edtica<\/li>\n<\/ol>\n<\/div><div class=\"nav fusion-mobile-tab-nav\"><ul class=\"nav-tabs\" role=\"tablist\"><li role=\"presentation\"><a class=\"tab-link\" data-toggle=\"tab\" role=\"tab\" aria-controls=\"tab-7cf6590bcd2c64ac867\" aria-selected=\"false\" tabindex=\"-1\" id=\"mobile-fusion-tab-environmentalpolicy\" href=\"#tab-7cf6590bcd2c64ac867\"><h4 class=\"fusion-tab-heading\">POLITICA AMBIENTAL<\/h4><\/a><\/li><\/ul><\/div><div class=\"tab-pane fade fusion-clearfix\" role=\"tabpanel\" tabindex=\"0\" aria-labelledby=\"fusion-tab-environmentalpolicy\" id=\"tab-7cf6590bcd2c64ac867\">\n<p>A METROPOLITAN TRANSPORTS SA e suas subsidi\u00e1rias localizadas no Brasil, empresa especializada em mobilidade internacional, movimenta\u00e7\u00e3o e armazenamento, apresenta esta pol\u00edtica como uma declara\u00e7\u00e3o e um apelo \u00e0 gest\u00e3o da prote\u00e7\u00e3o do meio ambiente. \u00c9 estendido a todos os nossos funcion\u00e1rios, clientes, contas corporativas, agentes em todo o mundo e fornecedores de servi\u00e7os terceirizados.<\/p>\n<p>Na condu\u00e7\u00e3o de nossas atividades temos o compromisso de preservar o meio ambiente, desenvolvendo a\u00e7\u00f5es que contribuam para a prote\u00e7\u00e3o da nossa ecologia e para a melhoria da qualidade de vida de nossa sociedade, no presente e no futuro. Devemos cumprir a legisla\u00e7\u00e3o local aplic\u00e1vel em vigor.<\/p>\n<p>A Metropolitan possui medidas e controles para a preven\u00e7\u00e3o e mitiga\u00e7\u00e3o dos impactos ambientais, especialmente no que diz respeito \u00e0 destina\u00e7\u00e3o dos res\u00edduos gerados por nossa ind\u00fastria, bem como aos res\u00edduos org\u00e2nicos e s\u00f3lidos em geral. Esperamos o mesmo compromisso de nossos parceiros de neg\u00f3cios.<\/p>\n<p>O aprimoramento de procedimentos para reduzir o consumo de recursos naturais, como energia, \u00e1rvores e \u00e1gua, bem como para a redu\u00e7\u00e3o da gera\u00e7\u00e3o de emiss\u00f5es de gases, \u00e9 um objetivo comum.<\/p>\n<p>Portanto, devemos incluir nos treinamentos de desenvolvimento profissional temas que enfatizem a import\u00e2ncia na preserva\u00e7\u00e3o e prote\u00e7\u00e3o do nosso meio ambiente, visando atingir um n\u00edvel adequado de consci\u00eancia sobre a import\u00e2ncia nas atividades di\u00e1rias, incluindo o trabalho, para preservar o meio ambiente.<\/p>\n<p>Tamb\u00e9m buscamos continuamente que nossos colaboradores, parceiros de neg\u00f3cios e fornecedores atendam a nossa Pol\u00edtica Ambiental, exigindo materiais adequados ou provando servi\u00e7os de acordo com nossa pol\u00edtica.<\/p>\n<\/div><div class=\"nav fusion-mobile-tab-nav\"><ul class=\"nav-tabs\" role=\"tablist\"><li role=\"presentation\"><a class=\"tab-link\" data-toggle=\"tab\" role=\"tab\" aria-controls=\"tab-5a39c67278837b077a1\" aria-selected=\"false\" tabindex=\"-1\" id=\"mobile-fusion-tab-dataprotection&amp;privacypolicy\" href=\"#tab-5a39c67278837b077a1\"><h4 class=\"fusion-tab-heading\">POL\u00cdTICA DE PROTE\u00c7\u00c3O DE DADOS E PRIVACIDADE<\/h4><\/a><\/li><\/ul><\/div><div class=\"tab-pane fade fusion-clearfix\" role=\"tabpanel\" tabindex=\"0\" aria-labelledby=\"fusion-tab-dataprotection&amp;privacypolicy\" id=\"tab-5a39c67278837b077a1\">\n<p>A METROPOLITAN TRANSPORTS SA, e suas subsidi\u00e1rias localizadas no Brasil, cumprem com a Prote\u00e7\u00e3o de Dados e Privacidade de nossos clientes, funcion\u00e1rios, empresas, agentes, fornecedores e autoridades em todo o mundo.<\/p>\n<p>Essa pol\u00edtica comunica as medidas que nossa empresa possui para a coleta, reten\u00e7\u00e3o, prote\u00e7\u00e3o, uso, divulga\u00e7\u00e3o e descarte de dados pessoais e empresariais, garantindo a seguran\u00e7a e a confidencialidade das informa\u00e7\u00f5es. \u00c9 extensivo a todos os nossos colaboradores, clientes, contas corporativas, agentes mundiais e fornecedores de servi\u00e7os terceiros, que devem cumpri-los rigorosamente.<\/p>\n<p><strong>Dados pessoais<\/strong><br \/>\nPara o desembara\u00e7o aduaneiro normalmente \u00e9 necess\u00e1rio adquirir e apresentar um grande conjunto de documentos e informa\u00e7\u00f5es. Isso inclui o nome do cliente, documenta\u00e7\u00e3o, ocupa\u00e7\u00e3o, endere\u00e7o, informa\u00e7\u00f5es de contato pessoal e comercial, valores e detalhes de bens pessoais, entre outros.<br \/>\nN\u00f3s apenas coletaremos, usaremos, reteremos e divulgaremos os dados pessoais necess\u00e1rios de acordo com as leis e regulamentos aplic\u00e1veis, dentro da estrita necessidade e confidencialidade.<\/p>\n<p><strong>Consentimento<\/strong><br \/>\nConcordamos em nunca usar ou divulgar informa\u00e7\u00f5es pessoais ou documenta\u00e7\u00e3o sem consentimento para qualquer fim que n\u00e3o seja para a presta\u00e7\u00e3o de servi\u00e7o subcontratado.<\/p>\n<p><strong>Armazenamento<\/strong><br \/>\nAs informa\u00e7\u00f5es eletr\u00f4nicas e a documenta\u00e7\u00e3o s\u00e3o armazenadas em ambiente seguro e restrito, sem acesso a pessoal n\u00e3o autorizado.<\/p>\n<\/div><\/div><\/div><div class=\"fusion-clearfix\"><\/div><\/div><\/div><\/div><\/div>","protected":false},"excerpt":{"rendered":"","protected":false},"author":5,"featured_media":0,"parent":0,"menu_order":0,"comment_status":"closed","ping_status":"open","template":"","meta":{"footnotes":""},"class_list":["post-3","page","type-page","status-publish","hentry"],"yoast_head":"<!-- This site is optimized with the Yoast SEO plugin v27.1.1 - https:\/\/yoast.com\/product\/yoast-seo-wordpress\/ -->\n<title>Policies - Metropolitan Transport<\/title>\n<meta name=\"robots\" content=\"index, follow, max-snippet:-1, max-image-preview:large, max-video-preview:-1\" \/>\n<link rel=\"canonical\" href=\"https:\/\/metropolitan.com.br\/br\/privacy-policy\/\" \/>\n<meta property=\"og:locale\" content=\"pt_BR\" \/>\n<meta property=\"og:type\" content=\"article\" \/>\n<meta property=\"og:title\" content=\"Policies - Metropolitan Transport\" \/>\n<meta property=\"og:url\" content=\"https:\/\/metropolitan.com.br\/br\/privacy-policy\/\" \/>\n<meta property=\"og:site_name\" content=\"Metropolitan Transport\" \/>\n<meta property=\"article:modified_time\" content=\"2020-09-16T03:27:02+00:00\" \/>\n<meta name=\"twitter:card\" content=\"summary_large_image\" \/>\n<meta name=\"twitter:label1\" content=\"Est. tempo de leitura\" \/>\n\t<meta name=\"twitter:data1\" content=\"6 minutos\" \/>\n<script type=\"application\/ld+json\" class=\"yoast-schema-graph\">{\"@context\":\"https:\/\/schema.org\",\"@graph\":[{\"@type\":\"WebPage\",\"@id\":\"https:\/\/metropolitan.com.br\/privacy-policy\/\",\"url\":\"https:\/\/metropolitan.com.br\/privacy-policy\/\",\"name\":\"Policies - Metropolitan Transport\",\"isPartOf\":{\"@id\":\"https:\/\/metropolitan.com.br\/en\/#website\"},\"datePublished\":\"2019-10-26T10:27:24+00:00\",\"dateModified\":\"2020-09-16T03:27:02+00:00\",\"breadcrumb\":{\"@id\":\"https:\/\/metropolitan.com.br\/privacy-policy\/#breadcrumb\"},\"inLanguage\":\"pt-BR\",\"potentialAction\":[{\"@type\":\"ReadAction\",\"target\":[\"https:\/\/metropolitan.com.br\/privacy-policy\/\"]}]},{\"@type\":\"BreadcrumbList\",\"@id\":\"https:\/\/metropolitan.com.br\/privacy-policy\/#breadcrumb\",\"itemListElement\":[{\"@type\":\"ListItem\",\"position\":1,\"name\":\"Home\",\"item\":\"https:\/\/metropolitan.com.br\/\"},{\"@type\":\"ListItem\",\"position\":2,\"name\":\"Policies\"}]},{\"@type\":\"WebSite\",\"@id\":\"https:\/\/metropolitan.com.br\/en\/#website\",\"url\":\"https:\/\/metropolitan.com.br\/en\/\",\"name\":\"Metropolitan Transport\",\"description\":\"Making relocation a positively moving experience\",\"potentialAction\":[{\"@type\":\"SearchAction\",\"target\":{\"@type\":\"EntryPoint\",\"urlTemplate\":\"https:\/\/metropolitan.com.br\/en\/?s={search_term_string}\"},\"query-input\":{\"@type\":\"PropertyValueSpecification\",\"valueRequired\":true,\"valueName\":\"search_term_string\"}}],\"inLanguage\":\"pt-BR\"}]}<\/script>\n<!-- \/ Yoast SEO plugin. -->","yoast_head_json":{"title":"Policies - Metropolitan Transport","robots":{"index":"index","follow":"follow","max-snippet":"max-snippet:-1","max-image-preview":"max-image-preview:large","max-video-preview":"max-video-preview:-1"},"canonical":"https:\/\/metropolitan.com.br\/br\/privacy-policy\/","og_locale":"pt_BR","og_type":"article","og_title":"Policies - Metropolitan Transport","og_url":"https:\/\/metropolitan.com.br\/br\/privacy-policy\/","og_site_name":"Metropolitan Transport","article_modified_time":"2020-09-16T03:27:02+00:00","twitter_card":"summary_large_image","twitter_misc":{"Est. tempo de leitura":"6 minutos"},"schema":{"@context":"https:\/\/schema.org","@graph":[{"@type":"WebPage","@id":"https:\/\/metropolitan.com.br\/privacy-policy\/","url":"https:\/\/metropolitan.com.br\/privacy-policy\/","name":"Policies - Metropolitan Transport","isPartOf":{"@id":"https:\/\/metropolitan.com.br\/en\/#website"},"datePublished":"2019-10-26T10:27:24+00:00","dateModified":"2020-09-16T03:27:02+00:00","breadcrumb":{"@id":"https:\/\/metropolitan.com.br\/privacy-policy\/#breadcrumb"},"inLanguage":"pt-BR","potentialAction":[{"@type":"ReadAction","target":["https:\/\/metropolitan.com.br\/privacy-policy\/"]}]},{"@type":"BreadcrumbList","@id":"https:\/\/metropolitan.com.br\/privacy-policy\/#breadcrumb","itemListElement":[{"@type":"ListItem","position":1,"name":"Home","item":"https:\/\/metropolitan.com.br\/"},{"@type":"ListItem","position":2,"name":"Policies"}]},{"@type":"WebSite","@id":"https:\/\/metropolitan.com.br\/en\/#website","url":"https:\/\/metropolitan.com.br\/en\/","name":"Metropolitan Transport","description":"Making relocation a positively moving experience","potentialAction":[{"@type":"SearchAction","target":{"@type":"EntryPoint","urlTemplate":"https:\/\/metropolitan.com.br\/en\/?s={search_term_string}"},"query-input":{"@type":"PropertyValueSpecification","valueRequired":true,"valueName":"search_term_string"}}],"inLanguage":"pt-BR"}]}},"_links":{"self":[{"href":"https:\/\/metropolitan.com.br\/br\/wp-json\/wp\/v2\/pages\/3","targetHints":{"allow":["GET"]}}],"collection":[{"href":"https:\/\/metropolitan.com.br\/br\/wp-json\/wp\/v2\/pages"}],"about":[{"href":"https:\/\/metropolitan.com.br\/br\/wp-json\/wp\/v2\/types\/page"}],"author":[{"embeddable":true,"href":"https:\/\/metropolitan.com.br\/br\/wp-json\/wp\/v2\/users\/5"}],"replies":[{"embeddable":true,"href":"https:\/\/metropolitan.com.br\/br\/wp-json\/wp\/v2\/comments?post=3"}],"version-history":[{"count":3,"href":"https:\/\/metropolitan.com.br\/br\/wp-json\/wp\/v2\/pages\/3\/revisions"}],"predecessor-version":[{"id":1406,"href":"https:\/\/metropolitan.com.br\/br\/wp-json\/wp\/v2\/pages\/3\/revisions\/1406"}],"wp:attachment":[{"href":"https:\/\/metropolitan.com.br\/br\/wp-json\/wp\/v2\/media?parent=3"}],"curies":[{"name":"wp","href":"https:\/\/api.w.org\/{rel}","templated":true}]}}